{"id":1492,"date":"2024-11-21T10:19:06","date_gmt":"2024-11-21T09:19:06","guid":{"rendered":"https:\/\/www.objetivodrone.com\/?page_id=1492"},"modified":"2025-02-07T18:51:04","modified_gmt":"2025-02-07T17:51:04","slug":"blog","status":"publish","type":"page","link":"https:\/\/www.objetivodrone.com\/en\/blog\/","title":{"rendered":"Blog"},"content":{"rendered":"<div data-elementor-type=\"wp-page\" data-elementor-id=\"1492\" class=\"elementor elementor-1492\" data-elementor-post-type=\"page\">\n\t\t\t\t\t\t<section class=\"elementor-section elementor-top-section elementor-element elementor-element-3a27f67 elementor-section-full_width elementor-section-height-default elementor-section-height-default\" data-id=\"3a27f67\" data-element_type=\"section\">\n\t\t\t\t\t\t<div class=\"elementor-container elementor-column-gap-no\">\n\t\t\t\t\t<div class=\"elementor-column elementor-col-25 elementor-top-column elementor-element elementor-element-ee1f70d elementor-hidden-mobile\" data-id=\"ee1f70d\" data-element_type=\"column\">\n\t\t\t<div class=\"elementor-widget-wrap\">\n\t\t\t\t\t\t\t<\/div>\n\t\t<\/div>\n\t\t\t\t<div class=\"elementor-column elementor-col-25 elementor-top-column elementor-element elementor-element-8ff0e4b\" data-id=\"8ff0e4b\" data-element_type=\"column\" data-settings=\"{&quot;background_background&quot;:&quot;classic&quot;}\">\n\t\t\t<div class=\"elementor-widget-wrap elementor-element-populated\">\n\t\t\t\t\t\t<div class=\"elementor-element elementor-element-c18343c elementor-widget__width-initial elementor-widget elementor-widget-search\" data-id=\"c18343c\" data-element_type=\"widget\" data-settings=\"{&quot;submit_trigger&quot;:&quot;click_submit&quot;,&quot;pagination_type_options&quot;:&quot;none&quot;}\" data-widget_type=\"search.default\">\n\t\t\t\t<div class=\"elementor-widget-container\">\n\t\t\t\t\t\t\t<search class=\"e-search hidden\" role=\"search\">\n\t\t\t<form class=\"e-search-form\" action=\"https:\/\/www.objetivodrone.com\/en\" method=\"get\" data-trp-original-action=\"https:\/\/www.objetivodrone.com\/en\">\n\n\t\t\t\t\n\t\t\t\t<label class=\"e-search-label\" for=\"search-c18343c\">\n\t\t\t\t\t<span class=\"elementor-screen-only\">\n\t\t\t\t\t\tSearch\t\t\t\t\t<\/span>\n\t\t\t\t\t\t\t\t\t<\/label>\n\n\t\t\t\t<div class=\"e-search-input-wrapper\">\n\t\t\t\t\t<input id=\"search-c18343c\" placeholder=\"\" class=\"e-search-input\" type=\"search\" name=\"s\" value=\"\" autocomplete=\"off\" role=\"combobox\" aria-autocomplete=\"list\" aria-expanded=\"false\" aria-controls=\"results-c18343c\" aria-haspopup=\"listbox\">\n\t\t\t\t\t<i aria-hidden=\"true\" class=\"fas fa-times\"><\/i>\t\t\t\t\t\t\t\t\t\t<output id=\"results-c18343c\" class=\"e-search-results-container hide-loader\" aria-live=\"polite\" aria-atomic=\"true\" aria-label=\"Results for search\" tabindex=\"0\">\n\t\t\t\t\t\t<div class=\"e-search-results\"><\/div>\n\t\t\t\t\t\t\t\t\t\t\t<\/output>\n\t\t\t\t\t\t\t\t\t<\/div>\n\t\t\t\t\n\t\t\t\t\n\t\t\t\t<button class=\"e-search-submit\" type=\"submit\" aria-label=\"Search\">\n\t\t\t\t\t<svg xmlns=\"http:\/\/www.w3.org\/2000\/svg\" id=\"uuid-6aebb68d-18e5-4dd2-b01d-7348b72a28ed\" viewbox=\"0 0 15.17 15.59\"><defs><style>.uuid-0f856e7a-279b-437f-8cf7-7743a4cc089c{fill:none;stroke:#68a2b9;stroke-miterlimit:10;}<\/style><\/defs><g id=\"uuid-7cd6a463-b32d-48ee-876e-dc4e27d0157c\"><circle class=\"uuid-0f856e7a-279b-437f-8cf7-7743a4cc089c\" cx=\"5.35\" cy=\"5.35\" r=\"4.85\"><\/circle><line class=\"uuid-0f856e7a-279b-437f-8cf7-7743a4cc089c\" x1=\"8.28\" y1=\"8.71\" x2=\"14.82\" y2=\"15.24\"><\/line><\/g><\/svg>\n\t\t\t\t\t\t\t\t\t<\/button>\n\t\t\t\t<input type=\"hidden\" name=\"e_search_props\" value=\"c18343c-1492\">\n\t\t\t<input type=\"hidden\" name=\"trp-form-language\" value=\"en\"\/><\/form>\n\t\t<\/search>\n\t\t\t\t\t\t<\/div>\n\t\t\t\t<\/div>\n\t\t\t\t\t<\/div>\n\t\t<\/div>\n\t\t\t\t<div class=\"elementor-column elementor-col-25 elementor-top-column elementor-element elementor-element-0441a67 elementor-hidden-mobile\" data-id=\"0441a67\" data-element_type=\"column\">\n\t\t\t<div class=\"elementor-widget-wrap\">\n\t\t\t\t\t\t\t<\/div>\n\t\t<\/div>\n\t\t\t\t<div class=\"elementor-column elementor-col-25 elementor-top-column elementor-element elementor-element-510cafc\" data-id=\"510cafc\" data-element_type=\"column\">\n\t\t\t<div class=\"elementor-widget-wrap\">\n\t\t\t\t\t\t\t<\/div>\n\t\t<\/div>\n\t\t\t\t\t<\/div>\n\t\t<\/section>\n\t\t\t\t<section class=\"elementor-section elementor-top-section elementor-element elementor-element-18129f0 elementor-section-full_width elementor-section-height-default elementor-section-height-default\" data-id=\"18129f0\" data-element_type=\"section\">\n\t\t\t\t\t\t<div class=\"elementor-container elementor-column-gap-no\">\n\t\t\t\t\t<div class=\"elementor-column elementor-col-33 elementor-top-column elementor-element elementor-element-8f4f64d\" data-id=\"8f4f64d\" data-element_type=\"column\">\n\t\t\t<div class=\"elementor-widget-wrap\">\n\t\t\t\t\t\t\t<\/div>\n\t\t<\/div>\n\t\t\t\t<div class=\"elementor-column elementor-col-33 elementor-top-column elementor-element elementor-element-250d9d6\" data-id=\"250d9d6\" data-element_type=\"column\">\n\t\t\t<div class=\"elementor-widget-wrap elementor-element-populated\">\n\t\t\t\t\t\t<div class=\"elementor-element elementor-element-2f1f850 elementor-grid-3 elementor-grid-tablet-2 elementor-grid-mobile-1 elementor-posts--thumbnail-top elementor-widget elementor-widget-posts\" data-id=\"2f1f850\" data-element_type=\"widget\" data-settings=\"{&quot;pagination_type&quot;:&quot;load_more_infinite_scroll&quot;,&quot;classic_columns&quot;:&quot;3&quot;,&quot;classic_columns_tablet&quot;:&quot;2&quot;,&quot;classic_columns_mobile&quot;:&quot;1&quot;,&quot;classic_row_gap&quot;:{&quot;unit&quot;:&quot;px&quot;,&quot;size&quot;:35,&quot;sizes&quot;:[]},&quot;classic_row_gap_tablet&quot;:{&quot;unit&quot;:&quot;px&quot;,&quot;size&quot;:&quot;&quot;,&quot;sizes&quot;:[]},&quot;classic_row_gap_mobile&quot;:{&quot;unit&quot;:&quot;px&quot;,&quot;size&quot;:&quot;&quot;,&quot;sizes&quot;:[]},&quot;load_more_spinner&quot;:{&quot;value&quot;:&quot;fas fa-spinner&quot;,&quot;library&quot;:&quot;fa-solid&quot;}}\" data-widget_type=\"posts.classic\">\n\t\t\t\t<div class=\"elementor-widget-container\">\n\t\t\t\t\t\t\t<div class=\"elementor-posts-container elementor-posts elementor-posts--skin-classic elementor-grid\">\n\t\t\t\t<article class=\"elementor-post elementor-grid-item post-1810 post type-post status-publish format-standard has-post-thumbnail hentry category-asturias category-turismo category-viajes\">\n\t\t\t\t<a class=\"elementor-post__thumbnail__link\" href=\"https:\/\/www.objetivodrone.com\/en\/paraiso-natural-entre-mar-y-montana\/\" tabindex=\"-1\" >\n\t\t\t<div class=\"elementor-post__thumbnail\"><img fetchpriority=\"high\" decoding=\"async\" width=\"1920\" height=\"1080\" src=\"https:\/\/www.objetivodrone.com\/wp-content\/uploads\/2024\/11\/1.png\" class=\"attachment-full size-full wp-image-1465\" alt=\"\" srcset=\"https:\/\/www.objetivodrone.com\/wp-content\/uploads\/2024\/11\/1.png 1920w, https:\/\/www.objetivodrone.com\/wp-content\/uploads\/2024\/11\/1-300x169.png 300w, https:\/\/www.objetivodrone.com\/wp-content\/uploads\/2024\/11\/1-1024x576.png 1024w, https:\/\/www.objetivodrone.com\/wp-content\/uploads\/2024\/11\/1-768x432.png 768w, https:\/\/www.objetivodrone.com\/wp-content\/uploads\/2024\/11\/1-1536x864.png 1536w, https:\/\/www.objetivodrone.com\/wp-content\/uploads\/2024\/11\/1-18x10.png 18w\" sizes=\"(max-width: 1920px) 100vw, 1920px\" \/><\/div>\n\t\t<\/a>\n\t\t\t\t<div class=\"elementor-post__text\">\n\t\t\t\t<h3 class=\"elementor-post__title\">\n\t\t\t<a href=\"https:\/\/www.objetivodrone.com\/en\/paraiso-natural-entre-mar-y-montana\/\" >\n\t\t\t\tPara\u00edso natural entre mar y monta\u00f1a\t\t\t<\/a>\n\t\t<\/h3>\n\t\t\t\t<div class=\"elementor-post__meta-data\">\n\t\t\t\t\t<span class=\"elementor-post-date\">\n\t\t\t2 de February de 2025\t\t<\/span>\n\t\t\t\t<\/div>\n\t\t\t\t<div class=\"elementor-post__excerpt\">\n\t\t\t<p>Asturias, tierra de contrastes, enamora con sus imponentes monta\u00f1as, sus valles verdes y su costa salvaje. La regi\u00f3n ofrece un refugio natural donde la biodiversidad y los paisajes cautivan a quienes buscan tranquilidad y aventura.<\/p>\n\t\t<\/div>\n\t\t\n\t\t<a class=\"elementor-post__read-more\" href=\"https:\/\/www.objetivodrone.com\/en\/paraiso-natural-entre-mar-y-montana\/\" aria-label=\"Read more about Para\u00edso natural entre mar y monta\u00f1a\" tabindex=\"-1\" >\n\t\t\tLEER M\u00c1S &gt;\t\t<\/a>\n\n\t\t\t\t<\/div>\n\t\t\t\t<\/article>\n\t\t\t\t<article class=\"elementor-post elementor-grid-item post-2587 post type-post status-publish format-standard has-post-thumbnail hentry category-dron\">\n\t\t\t\t<a class=\"elementor-post__thumbnail__link\" href=\"https:\/\/www.objetivodrone.com\/en\/el-poder-del-marketing-aereo-fotografias-y-videos-con-drones\/\" tabindex=\"-1\" >\n\t\t\t<div class=\"elementor-post__thumbnail\"><img decoding=\"async\" width=\"1260\" height=\"708\" src=\"https:\/\/www.objetivodrone.com\/wp-content\/uploads\/2024\/11\/portadas_blog_dron.jpg\" class=\"attachment-full size-full wp-image-2584\" alt=\"\" srcset=\"https:\/\/www.objetivodrone.com\/wp-content\/uploads\/2024\/11\/portadas_blog_dron.jpg 1260w, https:\/\/www.objetivodrone.com\/wp-content\/uploads\/2024\/11\/portadas_blog_dron-300x169.jpg 300w, https:\/\/www.objetivodrone.com\/wp-content\/uploads\/2024\/11\/portadas_blog_dron-1024x575.jpg 1024w, https:\/\/www.objetivodrone.com\/wp-content\/uploads\/2024\/11\/portadas_blog_dron-768x432.jpg 768w, https:\/\/www.objetivodrone.com\/wp-content\/uploads\/2024\/11\/portadas_blog_dron-18x10.jpg 18w\" sizes=\"(max-width: 1260px) 100vw, 1260px\" \/><\/div>\n\t\t<\/a>\n\t\t\t\t<div class=\"elementor-post__text\">\n\t\t\t\t<h3 class=\"elementor-post__title\">\n\t\t\t<a href=\"https:\/\/www.objetivodrone.com\/en\/el-poder-del-marketing-aereo-fotografias-y-videos-con-drones\/\" >\n\t\t\t\tEl poder del marketing a\u00e9reo: fotograf\u00edas y videos con drones\t\t\t<\/a>\n\t\t<\/h3>\n\t\t\t\t<div class=\"elementor-post__meta-data\">\n\t\t\t\t\t<span class=\"elementor-post-date\">\n\t\t\t3 de February de 2025\t\t<\/span>\n\t\t\t\t<\/div>\n\t\t\t\t<div class=\"elementor-post__excerpt\">\n\t\t\t<p>Las im\u00e1genes obtenidas con drones aportan profesionalismo, dinamismo y una sensaci\u00f3n de grandeza que atrae y emociona al p\u00fablico objetivo.<\/p>\n\t\t<\/div>\n\t\t\n\t\t<a class=\"elementor-post__read-more\" href=\"https:\/\/www.objetivodrone.com\/en\/el-poder-del-marketing-aereo-fotografias-y-videos-con-drones\/\" aria-label=\"Read more about El poder del marketing a\u00e9reo: fotograf\u00edas y videos con drones\" tabindex=\"-1\" >\n\t\t\tLEER M\u00c1S &gt;\t\t<\/a>\n\n\t\t\t\t<\/div>\n\t\t\t\t<\/article>\n\t\t\t\t<article class=\"elementor-post elementor-grid-item post-2604 post type-post status-publish format-standard has-post-thumbnail hentry category-cine category-ficcion\">\n\t\t\t\t<a class=\"elementor-post__thumbnail__link\" href=\"https:\/\/www.objetivodrone.com\/en\/detras-de-camaras-la-magia-y-el-caos-en-los-rodajes\/\" tabindex=\"-1\" >\n\t\t\t<div class=\"elementor-post__thumbnail\"><img decoding=\"async\" width=\"1260\" height=\"708\" src=\"https:\/\/www.objetivodrone.com\/wp-content\/uploads\/2025\/02\/proyectos_video_publicidad.jpg\" class=\"attachment-full size-full wp-image-2527\" alt=\"\" srcset=\"https:\/\/www.objetivodrone.com\/wp-content\/uploads\/2025\/02\/proyectos_video_publicidad.jpg 1260w, https:\/\/www.objetivodrone.com\/wp-content\/uploads\/2025\/02\/proyectos_video_publicidad-300x169.jpg 300w, https:\/\/www.objetivodrone.com\/wp-content\/uploads\/2025\/02\/proyectos_video_publicidad-1024x575.jpg 1024w, https:\/\/www.objetivodrone.com\/wp-content\/uploads\/2025\/02\/proyectos_video_publicidad-768x432.jpg 768w, https:\/\/www.objetivodrone.com\/wp-content\/uploads\/2025\/02\/proyectos_video_publicidad-18x10.jpg 18w\" sizes=\"(max-width: 1260px) 100vw, 1260px\" \/><\/div>\n\t\t<\/a>\n\t\t\t\t<div class=\"elementor-post__text\">\n\t\t\t\t<h3 class=\"elementor-post__title\">\n\t\t\t<a href=\"https:\/\/www.objetivodrone.com\/en\/detras-de-camaras-la-magia-y-el-caos-en-los-rodajes\/\" >\n\t\t\t\tDetr\u00e1s de c\u00e1maras: la magia y el caos en los rodajes\t\t\t<\/a>\n\t\t<\/h3>\n\t\t\t\t<div class=\"elementor-post__meta-data\">\n\t\t\t\t\t<span class=\"elementor-post-date\">\n\t\t\t4 de February de 2025\t\t<\/span>\n\t\t\t\t<\/div>\n\t\t\t\t<div class=\"elementor-post__excerpt\">\n\t\t\t<p>Lo que no se ve en pantalla: an\u00e9cdotas, improvisaciones y momentos inesperados que hacen \u00fanicos los making-of de spots y cortometrajes.<\/p>\n\t\t<\/div>\n\t\t\n\t\t<a class=\"elementor-post__read-more\" href=\"https:\/\/www.objetivodrone.com\/en\/detras-de-camaras-la-magia-y-el-caos-en-los-rodajes\/\" aria-label=\"Read more about Detr\u00e1s de c\u00e1maras: la magia y el caos en los rodajes\" tabindex=\"-1\" >\n\t\t\tLEER M\u00c1S &gt;\t\t<\/a>\n\n\t\t\t\t<\/div>\n\t\t\t\t<\/article>\n\t\t\t\t<article class=\"elementor-post elementor-grid-item post-2779 post type-post status-publish format-standard has-post-thumbnail hentry category-entretenimiento category-eventos category-general\">\n\t\t\t\t<a class=\"elementor-post__thumbnail__link\" href=\"https:\/\/www.objetivodrone.com\/en\/inmortaliza-tu-boda-con-un-video-inolvidable\/\" tabindex=\"-1\" >\n\t\t\t<div class=\"elementor-post__thumbnail\"><img loading=\"lazy\" decoding=\"async\" width=\"2135\" height=\"1200\" src=\"https:\/\/www.objetivodrone.com\/wp-content\/uploads\/2025\/02\/boda2.png\" class=\"attachment-full size-full wp-image-2782\" alt=\"\" srcset=\"https:\/\/www.objetivodrone.com\/wp-content\/uploads\/2025\/02\/boda2.png 2135w, https:\/\/www.objetivodrone.com\/wp-content\/uploads\/2025\/02\/boda2-300x169.png 300w, https:\/\/www.objetivodrone.com\/wp-content\/uploads\/2025\/02\/boda2-1024x575.png 1024w, https:\/\/www.objetivodrone.com\/wp-content\/uploads\/2025\/02\/boda2-768x432.png 768w, https:\/\/www.objetivodrone.com\/wp-content\/uploads\/2025\/02\/boda2-1536x863.png 1536w, https:\/\/www.objetivodrone.com\/wp-content\/uploads\/2025\/02\/boda2-2048x1151.png 2048w, https:\/\/www.objetivodrone.com\/wp-content\/uploads\/2025\/02\/boda2-18x10.png 18w\" sizes=\"(max-width: 2135px) 100vw, 2135px\" \/><\/div>\n\t\t<\/a>\n\t\t\t\t<div class=\"elementor-post__text\">\n\t\t\t\t<h3 class=\"elementor-post__title\">\n\t\t\t<a href=\"https:\/\/www.objetivodrone.com\/en\/inmortaliza-tu-boda-con-un-video-inolvidable\/\" >\n\t\t\t\tInmortaliza tu boda con un video inolvidable\t\t\t<\/a>\n\t\t<\/h3>\n\t\t\t\t<div class=\"elementor-post__meta-data\">\n\t\t\t\t\t<span class=\"elementor-post-date\">\n\t\t\t18 de February de 2025\t\t<\/span>\n\t\t\t\t<\/div>\n\t\t\t\t<div class=\"elementor-post__excerpt\">\n\t\t\t<p>Inmortaliza cada emoci\u00f3n de tu boda con un video \u00fanico y cinematogr\u00e1fico. \u00a1Reserva tu fecha ahora y crea recuerdos para siempre!<\/p>\n\t\t<\/div>\n\t\t\n\t\t<a class=\"elementor-post__read-more\" href=\"https:\/\/www.objetivodrone.com\/en\/inmortaliza-tu-boda-con-un-video-inolvidable\/\" aria-label=\"Read more about Inmortaliza tu boda con un video inolvidable\" tabindex=\"-1\" >\n\t\t\tLEER M\u00c1S &gt;\t\t<\/a>\n\n\t\t\t\t<\/div>\n\t\t\t\t<\/article>\n\t\t\t\t<article class=\"elementor-post elementor-grid-item post-2792 post type-post status-publish format-standard has-post-thumbnail hentry category-gastronomia category-turismo category-viajes\">\n\t\t\t\t<a class=\"elementor-post__thumbnail__link\" href=\"https:\/\/www.objetivodrone.com\/en\/viaje-a-lugo-y-alrededores\/\" tabindex=\"-1\" >\n\t\t\t<div class=\"elementor-post__thumbnail\"><img loading=\"lazy\" decoding=\"async\" width=\"1920\" height=\"1080\" src=\"https:\/\/www.objetivodrone.com\/wp-content\/uploads\/2025\/02\/portadalugo.jpg\" class=\"attachment-full size-full wp-image-2795\" alt=\"\" srcset=\"https:\/\/www.objetivodrone.com\/wp-content\/uploads\/2025\/02\/portadalugo.jpg 1920w, https:\/\/www.objetivodrone.com\/wp-content\/uploads\/2025\/02\/portadalugo-300x169.jpg 300w, https:\/\/www.objetivodrone.com\/wp-content\/uploads\/2025\/02\/portadalugo-1024x576.jpg 1024w, https:\/\/www.objetivodrone.com\/wp-content\/uploads\/2025\/02\/portadalugo-768x432.jpg 768w, https:\/\/www.objetivodrone.com\/wp-content\/uploads\/2025\/02\/portadalugo-1536x864.jpg 1536w, https:\/\/www.objetivodrone.com\/wp-content\/uploads\/2025\/02\/portadalugo-18x10.jpg 18w\" sizes=\"(max-width: 1920px) 100vw, 1920px\" \/><\/div>\n\t\t<\/a>\n\t\t\t\t<div class=\"elementor-post__text\">\n\t\t\t\t<h3 class=\"elementor-post__title\">\n\t\t\t<a href=\"https:\/\/www.objetivodrone.com\/en\/viaje-a-lugo-y-alrededores\/\" >\n\t\t\t\tViaje a Lugo y alrededores\t\t\t<\/a>\n\t\t<\/h3>\n\t\t\t\t<div class=\"elementor-post__meta-data\">\n\t\t\t\t\t<span class=\"elementor-post-date\">\n\t\t\t21 de February de 2025\t\t<\/span>\n\t\t\t\t<\/div>\n\t\t\t\t<div class=\"elementor-post__excerpt\">\n\t\t\t<p>Aunque nuestro lugar de trabajo se encuentra en Asturias, habitualmente nos desplazamos a la comunidad vecina donde aprovechamos cualquier rato libre para disfrutar de sus pueblos, empaparnos de su historia y degustar los deliciosos platos de su gastronom\u00eda. Y es que Galicia nunca defrauda.<\/p>\n\t\t<\/div>\n\t\t\n\t\t<a class=\"elementor-post__read-more\" href=\"https:\/\/www.objetivodrone.com\/en\/viaje-a-lugo-y-alrededores\/\" aria-label=\"Read more about Viaje a Lugo y alrededores\" tabindex=\"-1\" >\n\t\t\tLEER M\u00c1S &gt;\t\t<\/a>\n\n\t\t\t\t<\/div>\n\t\t\t\t<\/article>\n\t\t\t\t<\/div>\n\t\t\t\t\t<span class=\"e-load-more-spinner\">\n\t\t\t\t<i aria-hidden=\"true\" class=\"fas fa-spinner\"><\/i>\t\t\t<\/span>\n\t\t\n\t\t\t\t\t\t<\/div>\n\t\t\t\t<\/div>\n\t\t\t\t\t<\/div>\n\t\t<\/div>\n\t\t\t\t<div class=\"elementor-column elementor-col-33 elementor-top-column elementor-element elementor-element-26e9f25 elementor-hidden-mobile\" data-id=\"26e9f25\" data-element_type=\"column\">\n\t\t\t<div class=\"elementor-widget-wrap\">\n\t\t\t\t\t\t\t<\/div>\n\t\t<\/div>\n\t\t\t\t\t<\/div>\n\t\t<\/section>\n\t\t\t\t<\/div>","protected":false},"excerpt":{"rendered":"<p>Buscar<\/p>","protected":false},"author":5,"featured_media":0,"parent":0,"menu_order":1,"comment_status":"closed","ping_status":"closed","template":"","meta":{"_acf_changed":false,"inline_featured_image":false,"_joinchat":[],"footnotes":""},"class_list":["post-1492","page","type-page","status-publish","hentry"],"acf":[],"yoast_head":"<!-- This site is optimized with the Yoast SEO plugin v24.4 - https:\/\/yoast.com\/wordpress\/plugins\/seo\/ -->\n<title>Blog | Objetivo Drone<\/title>\n<meta name=\"robots\" content=\"index, follow, max-snippet:-1, max-image-preview:large, max-video-preview:-1\" \/>\n<link rel=\"canonical\" href=\"https:\/\/www.objetivodrone.com\/en\/blog\/\" \/>\n<meta property=\"og:locale\" content=\"en_US\" \/>\n<meta property=\"og:type\" content=\"article\" \/>\n<meta property=\"og:title\" content=\"Blog | Objetivo Drone\" \/>\n<meta property=\"og:description\" content=\"Buscar\" \/>\n<meta property=\"og:url\" content=\"https:\/\/www.objetivodrone.com\/en\/blog\/\" \/>\n<meta property=\"og:site_name\" content=\"Objetivo Drone\" \/>\n<meta property=\"article:modified_time\" content=\"2025-02-07T17:51:04+00:00\" \/>\n<meta name=\"twitter:card\" content=\"summary_large_image\" \/>\n<script type=\"application\/ld+json\" class=\"yoast-schema-graph\">{\"@context\":\"https:\/\/schema.org\",\"@graph\":[{\"@type\":\"WebPage\",\"@id\":\"https:\/\/www.objetivodrone.com\/blog\/\",\"url\":\"https:\/\/www.objetivodrone.com\/blog\/\",\"name\":\"Blog | Objetivo Drone\",\"isPartOf\":{\"@id\":\"https:\/\/www.objetivodrone.com\/#website\"},\"datePublished\":\"2024-11-21T09:19:06+00:00\",\"dateModified\":\"2025-02-07T17:51:04+00:00\",\"breadcrumb\":{\"@id\":\"https:\/\/www.objetivodrone.com\/blog\/#breadcrumb\"},\"inLanguage\":\"en-US\",\"potentialAction\":[{\"@type\":\"ReadAction\",\"target\":[\"https:\/\/www.objetivodrone.com\/blog\/\"]}]},{\"@type\":\"BreadcrumbList\",\"@id\":\"https:\/\/www.objetivodrone.com\/blog\/#breadcrumb\",\"itemListElement\":[{\"@type\":\"ListItem\",\"position\":1,\"name\":\"Inicio\",\"item\":\"https:\/\/www.objetivodrone.com\/\"},{\"@type\":\"ListItem\",\"position\":2,\"name\":\"Blog\"}]},{\"@type\":\"WebSite\",\"@id\":\"https:\/\/www.objetivodrone.com\/#website\",\"url\":\"https:\/\/www.objetivodrone.com\/\",\"name\":\"Objetivo Drone\",\"description\":\"Vuelos con garant\u00edas y calidad\",\"publisher\":{\"@id\":\"https:\/\/www.objetivodrone.com\/#organization\"},\"potentialAction\":[{\"@type\":\"SearchAction\",\"target\":{\"@type\":\"EntryPoint\",\"urlTemplate\":\"https:\/\/www.objetivodrone.com\/?s={search_term_string}\"},\"query-input\":{\"@type\":\"PropertyValueSpecification\",\"valueRequired\":true,\"valueName\":\"search_term_string\"}}],\"inLanguage\":\"en-US\"},{\"@type\":\"Organization\",\"@id\":\"https:\/\/www.objetivodrone.com\/#organization\",\"name\":\"Objetivo Drone\",\"url\":\"https:\/\/www.objetivodrone.com\/\",\"logo\":{\"@type\":\"ImageObject\",\"inLanguage\":\"en-US\",\"@id\":\"https:\/\/www.objetivodrone.com\/#\/schema\/logo\/image\/\",\"url\":\"https:\/\/www.objetivodrone.com\/wp-content\/uploads\/2024\/11\/recurso-5.svg\",\"contentUrl\":\"https:\/\/www.objetivodrone.com\/wp-content\/uploads\/2024\/11\/recurso-5.svg\",\"width\":188,\"height\":28,\"caption\":\"Objetivo Drone\"},\"image\":{\"@id\":\"https:\/\/www.objetivodrone.com\/#\/schema\/logo\/image\/\"}}]}<\/script>\n<!-- \/ Yoast SEO plugin. -->","yoast_head_json":{"title":"Blog | Objetivo Drone","robots":{"index":"index","follow":"follow","max-snippet":"max-snippet:-1","max-image-preview":"max-image-preview:large","max-video-preview":"max-video-preview:-1"},"canonical":"https:\/\/www.objetivodrone.com\/en\/blog\/","og_locale":"en_US","og_type":"article","og_title":"Blog | Objetivo Drone","og_description":"Buscar","og_url":"https:\/\/www.objetivodrone.com\/en\/blog\/","og_site_name":"Objetivo Drone","article_modified_time":"2025-02-07T17:51:04+00:00","twitter_card":"summary_large_image","schema":{"@context":"https:\/\/schema.org","@graph":[{"@type":"WebPage","@id":"https:\/\/www.objetivodrone.com\/blog\/","url":"https:\/\/www.objetivodrone.com\/blog\/","name":"Blog | Objetivo Drone","isPartOf":{"@id":"https:\/\/www.objetivodrone.com\/#website"},"datePublished":"2024-11-21T09:19:06+00:00","dateModified":"2025-02-07T17:51:04+00:00","breadcrumb":{"@id":"https:\/\/www.objetivodrone.com\/blog\/#breadcrumb"},"inLanguage":"en-US","potentialAction":[{"@type":"ReadAction","target":["https:\/\/www.objetivodrone.com\/blog\/"]}]},{"@type":"BreadcrumbList","@id":"https:\/\/www.objetivodrone.com\/blog\/#breadcrumb","itemListElement":[{"@type":"ListItem","position":1,"name":"Inicio","item":"https:\/\/www.objetivodrone.com\/"},{"@type":"ListItem","position":2,"name":"Blog"}]},{"@type":"WebSite","@id":"https:\/\/www.objetivodrone.com\/#website","url":"https:\/\/www.objetivodrone.com\/","name":"Objetivo Drone","description":"Vuelos con garant\u00edas y calidad","publisher":{"@id":"https:\/\/www.objetivodrone.com\/#organization"},"potentialAction":[{"@type":"SearchAction","target":{"@type":"EntryPoint","urlTemplate":"https:\/\/www.objetivodrone.com\/?s={search_term_string}"},"query-input":{"@type":"PropertyValueSpecification","valueRequired":true,"valueName":"search_term_string"}}],"inLanguage":"en-US"},{"@type":"Organization","@id":"https:\/\/www.objetivodrone.com\/#organization","name":"Objetivo Drone","url":"https:\/\/www.objetivodrone.com\/","logo":{"@type":"ImageObject","inLanguage":"en-US","@id":"https:\/\/www.objetivodrone.com\/#\/schema\/logo\/image\/","url":"https:\/\/www.objetivodrone.com\/wp-content\/uploads\/2024\/11\/recurso-5.svg","contentUrl":"https:\/\/www.objetivodrone.com\/wp-content\/uploads\/2024\/11\/recurso-5.svg","width":188,"height":28,"caption":"Objetivo Drone"},"image":{"@id":"https:\/\/www.objetivodrone.com\/#\/schema\/logo\/image\/"}}]}},"_links":{"self":[{"href":"https:\/\/www.objetivodrone.com\/en\/wp-json\/wp\/v2\/pages\/1492","targetHints":{"allow":["GET"]}}],"collection":[{"href":"https:\/\/www.objetivodrone.com\/en\/wp-json\/wp\/v2\/pages"}],"about":[{"href":"https:\/\/www.objetivodrone.com\/en\/wp-json\/wp\/v2\/types\/page"}],"author":[{"embeddable":true,"href":"https:\/\/www.objetivodrone.com\/en\/wp-json\/wp\/v2\/users\/5"}],"replies":[{"embeddable":true,"href":"https:\/\/www.objetivodrone.com\/en\/wp-json\/wp\/v2\/comments?post=1492"}],"version-history":[{"count":5,"href":"https:\/\/www.objetivodrone.com\/en\/wp-json\/wp\/v2\/pages\/1492\/revisions"}],"predecessor-version":[{"id":2690,"href":"https:\/\/www.objetivodrone.com\/en\/wp-json\/wp\/v2\/pages\/1492\/revisions\/2690"}],"wp:attachment":[{"href":"https:\/\/www.objetivodrone.com\/en\/wp-json\/wp\/v2\/media?parent=1492"}],"curies":[{"name":"wp","href":"https:\/\/api.w.org\/{rel}","templated":true}]}}